{"id":4082,"date":"2022-02-10T09:19:27","date_gmt":"2022-02-10T08:19:27","guid":{"rendered":"https:\/\/www.japeljtehnologije.si\/cookies\/"},"modified":"2026-02-11T15:16:35","modified_gmt":"2026-02-11T14:16:35","slug":"cookies","status":"publish","type":"page","link":"https:\/\/www.japeljtehnologije.si\/en\/cookies\/","title":{"rendered":"Cookies"},"content":{"rendered":"\t\t<div data-elementor-type=\"wp-page\" data-elementor-id=\"4082\" class=\"elementor elementor-4082 elementor-169\" data-elementor-post-type=\"page\">\n\t\t\t\t\t\t<section class=\"elementor-section elementor-top-section elementor-element elementor-element-2ab2bed elementor-section-boxed elementor-section-height-default elementor-section-height-default\" data-id=\"2ab2bed\" data-element_type=\"section\" data-e-type=\"section\">\n\t\t\t\t\t\t<div class=\"elementor-container elementor-column-gap-extended\">\n\t\t\t\t\t<div class=\"elementor-column elementor-col-100 elementor-top-column elementor-element elementor-element-c4dacfa\" data-id=\"c4dacfa\" data-element_type=\"column\" data-e-type=\"column\">\n\t\t\t<div class=\"elementor-widget-wrap elementor-element-populated\">\n\t\t\t\t\t\t<div class=\"elementor-element elementor-element-8510d0d elementor-widget elementor-widget-text-editor\" data-id=\"8510d0d\" data-element_type=\"widget\" data-e-type=\"widget\" data-settings=\"{&quot;ekit_we_effect_on&quot;:&quot;none&quot;}\" data-widget_type=\"text-editor.default\">\n\t\t\t\t<div class=\"elementor-widget-container\">\n\t\t\t\t\t\t\t\t\t<p><style><span data-mce-type=\"bookmark\" style=\"display: inline-block; width: 0px; overflow: hidden; line-height: 0;\" class=\"mce_SELRES_start\">\ufeff<\/span><span data-mce-type=\"bookmark\" style=\"display: inline-block; width: 0px; overflow: hidden; line-height: 0;\" class=\"mce_SELRES_start\">\ufeff<\/span><br \/>a.cky-banner-element {<br \/>padding: 8px 30px;<br \/>background: #F8F9FA;<br \/>color: #858A8F;<br \/>border: 1px solid #DEE2E6;<br \/>box-sizing: border-box;<br \/>border-radius: 2px;<br \/>cursor: pointer;<br \/>}<br \/><\/style><\/p><p>Datum za\u010detka veljavnosti: 11. februarja 2026<br \/>Zadnja posodobitev: 11. februarja 2026<\/p><h2>Kaj so pi\u0161kotki?<\/h2><div class=\"cookie-policy-p\"><p>Ta politika pi\u0161kotkov pojasnjuje, kaj so pi\u0161kotki in kako jih uporabljamo, vrste pi\u0161kotkov, ki jih uporabljamo, tj. informacije, ki jih zbiramo s pi\u0161kotki, in kako se te informacije uporabljajo, ter kako upravljati nastavitve pi\u0161kotkov.<\/p><p>Pi\u0161kotki so majhne besedilne datoteke, ki se uporabljajo za shranjevanje majhnih koli\u010din informacij. Shranijo se v va\u0161o napravo, ko se spletno mesto nalo\u017ei v va\u0161em brskalniku. Ti pi\u0161kotki nam pomagajo, da spletno mesto deluje pravilno, ga naredimo varnej\u0161ega, zagotovimo bolj\u0161o uporabni\u0161ko izku\u0161njo in razumemo, kako spletno mesto deluje, ter analiziramo, kaj deluje in kje je treba izbolj\u0161ati.<\/p><\/div><h2>Kako uporabljamo pi\u0161kotke?<\/h2><div class=\"cookie-policy-p\"><p>Kot ve\u010dina spletnih storitev tudi na\u0161e spletno mesto uporablja lastne in tretje pi\u0161kotke za ve\u010d namenov. Pi\u0161kotki prve osebe so ve\u010dinoma potrebni za pravilno delovanje spletnega mesta in ne zbirajo nobenih va\u0161ih osebnih podatkov.<\/p><p>Pi\u0161kotki tretjih oseb, ki se uporabljajo na na\u0161em spletnem mestu, so namenjeni predvsem razumevanju delovanja spletnega mesta, va\u0161e interakcije z na\u0161im spletnim mestom, zagotavljanju varnosti na\u0161ih storitev, prikazovanju oglasov, ki so vam ustrezni, in na splo\u0161no zagotavljanju bolj\u0161e uporabni\u0161ke izku\u0161nje ter hitrej\u0161emu delovanju va\u0161ega prihodnjega delovanja z na\u0161im spletnim mestom.<\/p><\/div><div class=\"cky-audit-table-element\">\u00a0<\/div><h2 style=\"margin-bottom: 20px;\">Upravljanje nastavitev pi\u0161kotkov<\/h2><p><a class=\"cky-banner-element\">Nastavitve pi\u0161kotkov<\/a><\/p><div><p>Nastavitve pi\u0161kotkov lahko kadar koli spremenite s klikom na zgornji gumb. Tako si boste lahko ponovno ogledali pasico s soglasjem za pi\u0161kotke in spremenili svoje nastavitve ali takoj preklicali soglasje.<\/p><p>Poleg tega razli\u010dni brskalniki ponujajo razli\u010dne na\u010dine za blokiranje in brisanje pi\u0161kotkov, ki jih uporabljajo spletna mesta. Nastavitve brskalnika lahko spremenite tako, da blokirate\/izbri\u0161ete pi\u0161kotke. Spodaj so navedene povezave do podpornih dokumentov o upravljanju in brisanju pi\u0161kotkov iz glavnih spletnih brskalnikov.<\/p><p>Chrome: <a href=\"https:\/\/support.google.com\/accounts\/answer\/32050\" target=\"_blank\" rel=\"noopener\">https:\/\/support.google.com\/accounts\/answer\/32050<\/a><\/p><p>Safari: <a href=\"https:\/\/support.apple.com\/en-in\/guide\/safari\/sfri11471\/mac\" target=\"_blank\" rel=\"noopener\">https:\/\/support.apple.com\/en-in\/guide\/safari\/sfri11471\/mac<\/a><\/p><p>Firefox: <a href=\"https:\/\/support.mozilla.org\/en-US\/kb\/clear-cookies-and-site-data-firefox?redirectslug=delete-cookies-remove-info-websites-stored&amp;redirectlocale=en-US\" target=\"_blank\" rel=\"noopener\">https:\/\/support.mozilla.org\/en-US\/kb\/clear-cookies-and-site-data-firefox?redirectslug=delete-cookies-remove-info-websites-stored&amp;redirectlocale=en-US<\/a><\/p><p>Internet Explorer: <a href=\"https:\/\/support.microsoft.com\/en-us\/topic\/how-to-delete-cookie-files-in-internet-explorer-bca9446f-d873-78de-77ba-d42645fa52fc\" target=\"_blank\" rel=\"noopener\">https:\/\/support.microsoft.com\/en-us\/topic\/how-to-delete-cookie-files-in-internet-explorer-bca9446f-d873-78de-77ba-d42645fa52fc<\/a><\/p><p>\u010ce uporabljate kateri koli drug spletni brskalnik, obi\u0161\u010dite uradno dokumentacijo za podporo svojega brskalnika.<\/p><\/div><p class=\"cookie-policy-p\">Pravilnik o pi\u0161kotkih je ustvaril <a href=\"https:\/\/www.cookieyes.com\/?utm_source=CP&amp;utm_medium=footer&amp;utm_campaign=UW\" target=\"_blank\" rel=\"noopener\">CookieYes &#8211; Generator pravilnikov o pi\u0161kotkih<\/a>.<\/p>\t\t\t\t\t\t\t\t<\/div>\n\t\t\t\t<\/div>\n\t\t\t\t\t<\/div>\n\t\t<\/div>\n\t\t\t\t\t<\/div>\n\t\t<\/section>\n\t\t\t\t<\/div>\n\t\t","protected":false},"excerpt":{"rendered":"<p>Datum za\u010detka veljavnosti: 11. februarja 2026Zadnja posodobitev: 11. februarja 2026 Kaj so pi\u0161kotki? Ta politika pi\u0161kotkov pojasnjuje, kaj so pi\u0161kotki in kako jih uporabljamo, vrste pi\u0161kotkov, ki jih uporabljamo, tj. informacije, ki jih zbiramo s pi\u0161kotki, in kako se te informacije uporabljajo, ter kako upravljati nastavitve pi\u0161kotkov. Pi\u0161kotki so majhne besedilne datoteke, ki se uporabljajo [&hellip;]<\/p>\n","protected":false},"author":1,"featured_media":0,"parent":0,"menu_order":0,"comment_status":"closed","ping_status":"closed","template":"","meta":{"site-sidebar-layout":"no-sidebar","site-content-layout":"page-builder","ast-site-content-layout":"default","site-content-style":"default","site-sidebar-style":"default","ast-global-header-display":"","ast-banner-title-visibility":"","ast-main-header-display":"","ast-hfb-above-header-display":"","ast-hfb-below-header-display":"","ast-hfb-mobile-header-display":"","site-post-title":"disabled","ast-breadcrumbs-content":"","ast-featured-img":"disabled","footer-sml-layout":"","ast-disable-related-posts":"","theme-transparent-header-meta":"","adv-header-id-meta":"","stick-header-meta":"","header-above-stick-meta":"","header-main-stick-meta":"","header-below-stick-meta":"","astra-migrate-meta-layouts":"default","ast-page-background-enabled":"default","ast-page-background-meta":{"desktop":{"background-color":"var(--ast-global-color-4)","background-image":"","background-repeat":"repeat","background-position":"center center","background-size":"auto","background-attachment":"scroll","background-type":"","background-media":"","overlay-type":"","overlay-color":"","overlay-opacity":"","overlay-gradient":""},"tablet":{"background-color":"","background-image":"","background-repeat":"repeat","background-position":"center center","background-size":"auto","background-attachment":"scroll","background-type":"","background-media":"","overlay-type":"","overlay-color":"","overlay-opacity":"","overlay-gradient":""},"mobile":{"background-color":"","background-image":"","background-repeat":"repeat","background-position":"center center","background-size":"auto","background-attachment":"scroll","background-type":"","background-media":"","overlay-type":"","overlay-color":"","overlay-opacity":"","overlay-gradient":""}},"ast-content-background-meta":{"desktop":{"background-color":"var(--ast-global-color-5)","background-image":"","background-repeat":"repeat","background-position":"center center","background-size":"auto","background-attachment":"scroll","background-type":"","background-media":"","overlay-type":"","overlay-color":"","overlay-opacity":"","overlay-gradient":""},"tablet":{"background-color":"var(--ast-global-color-5)","background-image":"","background-repeat":"repeat","background-position":"center center","background-size":"auto","background-attachment":"scroll","background-type":"","background-media":"","overlay-type":"","overlay-color":"","overlay-opacity":"","overlay-gradient":""},"mobile":{"background-color":"var(--ast-global-color-5)","background-image":"","background-repeat":"repeat","background-position":"center center","background-size":"auto","background-attachment":"scroll","background-type":"","background-media":"","overlay-type":"","overlay-color":"","overlay-opacity":"","overlay-gradient":""}},"footnotes":""},"class_list":["post-4082","page","type-page","status-publish","hentry"],"_links":{"self":[{"href":"https:\/\/www.japeljtehnologije.si\/en\/wp-json\/wp\/v2\/pages\/4082","targetHints":{"allow":["GET"]}}],"collection":[{"href":"https:\/\/www.japeljtehnologije.si\/en\/wp-json\/wp\/v2\/pages"}],"about":[{"href":"https:\/\/www.japeljtehnologije.si\/en\/wp-json\/wp\/v2\/types\/page"}],"author":[{"embeddable":true,"href":"https:\/\/www.japeljtehnologije.si\/en\/wp-json\/wp\/v2\/users\/1"}],"replies":[{"embeddable":true,"href":"https:\/\/www.japeljtehnologije.si\/en\/wp-json\/wp\/v2\/comments?post=4082"}],"version-history":[{"count":4,"href":"https:\/\/www.japeljtehnologije.si\/en\/wp-json\/wp\/v2\/pages\/4082\/revisions"}],"predecessor-version":[{"id":4238,"href":"https:\/\/www.japeljtehnologije.si\/en\/wp-json\/wp\/v2\/pages\/4082\/revisions\/4238"}],"wp:attachment":[{"href":"https:\/\/www.japeljtehnologije.si\/en\/wp-json\/wp\/v2\/media?parent=4082"}],"curies":[{"name":"wp","href":"https:\/\/api.w.org\/{rel}","templated":true}]}}